{"id":65,"date":"2020-04-08T15:13:46","date_gmt":"2020-04-08T14:13:46","guid":{"rendered":"https:\/\/ethoequine.wordpress.com\/?page_id=65"},"modified":"2023-11-22T12:26:15","modified_gmt":"2023-11-22T11:26:15","slug":"contact","status":"publish","type":"page","link":"https:\/\/ethologie-equine.fr\/index.php\/contact\/","title":{"rendered":"Contact"},"content":{"rendered":"\r\n<p class=\"has-text-align-left\">N&rsquo;h\u00e9sitez pas \u00e0 me contacter par mail \u00e0 l&rsquo;adresse <a href=\"mailto:contact@ethologie-equine.fr\">contact@ethologie-equine.fr<\/a> ou via le formulaire ci-dessous.<\/p>\r\n\r\n<div data-test='contact-form' id='contact-form-65' class='wp-block-jetpack-contact-form-container '>\n<form action='https:\/\/ethologie-equine.fr\/index.php\/contact\/#contact-form-65' method='post' class='contact-form commentsblock' aria-label=\"Contact\" novalidate>\n\n<div style=\"\" class='grunion-field-name-wrap grunion-field-wrap'  >\n<label\n\t\t\t\tfor='g65-nom'\n\t\t\t\tclass='grunion-field-label name'>Nom<span class=\"grunion-label-required\" aria-hidden=\"true\">(obligatoire)<\/span><\/label>\n<input\n\t\t\t\t\ttype='text'\n\t\t\t\t\tname='g65-nom'\n\t\t\t\t\tid='g65-nom'\n\t\t\t\t\tvalue=''\n\t\t\t\t\tclass='name  grunion-field' \n\t\t\t\t\trequired aria-required='true' \/>\n\t<\/div>\n\n<div style=\"\" class='grunion-field-email-wrap grunion-field-wrap'  >\n<label\n\t\t\t\tfor='g65-email'\n\t\t\t\tclass='grunion-field-label email'>E-mail<span class=\"grunion-label-required\" aria-hidden=\"true\">(obligatoire)<\/span><\/label>\n<input\n\t\t\t\t\ttype='email'\n\t\t\t\t\tname='g65-email'\n\t\t\t\t\tid='g65-email'\n\t\t\t\t\tvalue=''\n\t\t\t\t\tclass='email  grunion-field' \n\t\t\t\t\trequired aria-required='true' \/>\n\t<\/div>\n\n<div style=\"\" class='grunion-field-url-wrap grunion-field-wrap'  >\n<label\n\t\t\t\tfor='g65-siteweb'\n\t\t\t\tclass='grunion-field-label url'>Site web<\/label>\n<input\n\t\t\t\t\ttype='text'\n\t\t\t\t\tname='g65-siteweb'\n\t\t\t\t\tid='g65-siteweb'\n\t\t\t\t\tvalue=''\n\t\t\t\t\tclass='url  grunion-field' \n\t\t\t\t\ttitle=\"Veuillez saisir une URL valide - https:\/\/www.exemple.fr\" oninvalid=\"setCustomValidity(&quot;Veuillez saisir une URL valide - https:\/\/www.exemple.fr&quot;)\" oninput=\"setCustomValidity(&quot;&quot;)\" pattern=\"(?:(?:[Hh][Tt][Tt][Pp][Ss]?|[Ff][Tt][Pp]):\\\/\\\/)?(?:\\S+(?::\\S*)?@|\\d{1,3}(?:\\.\\d{1,3}){3}|(?:(?:[a-zA-Z\\d\\u00a1-\\uffff]+-?)*[a-zA-Z\\d\\u00a1-\\uffff]+)(?:\\.(?:[a-zA-Z\\d\\u00a1-\\uffff]+-?)*[a-zA-Z\\d\\u00a1-\\uffff]+)*(?:\\.[a-zA-Z\\u00a1-\\uffff]{2,6}))(?::\\d+)?(?:[^\\s]*)?\" data-type-override=\"url\"  \/>\n\t<\/div>\n\n<div style=\"\" class='grunion-field-textarea-wrap grunion-field-wrap'  >\n<label\n\t\t\t\tfor='contact-form-comment-g65-message'\n\t\t\t\tclass='grunion-field-label textarea'>Message<span class=\"grunion-label-required\" aria-hidden=\"true\">(obligatoire)<\/span><\/label>\n<textarea\n\t\t                style=''\n\t\t                name='g65-message'\n\t\t                id='contact-form-comment-g65-message'\n\t\t                rows='20' class='textarea  grunion-field'  required aria-required='true'><\/textarea>\n\t<\/div>\n<div class=\"g-recaptcha\" data-sitekey=\"6LfV9bUbAAAAADEMHtSn2Uo55o07WlhEBODbphH2\"><\/div><input type=\"hidden\" id=\"recaptcha_nonce\" name=\"recaptcha_nonce\" value=\"c73573a792\" \/><input type=\"hidden\" name=\"_wp_http_referer\" value=\"\/index.php\/wp-json\/wp\/v2\/pages\/65\" \/>\t<p class='contact-submit'>\n\t\t<button type='submit' class='pushbutton-wide'>Envoyer<\/button>\t\t<input type='hidden' name='contact-form-id' value='65' \/>\n\t\t<input type='hidden' name='action' value='grunion-contact-form' \/>\n\t\t<input type='hidden' name='contact-form-hash' value='a202f58fca80a837fff48e6ed293a831717e229b' \/>\n\t<\/p>\n<p style=\"display: none !important;\" class=\"akismet-fields-container\" data-prefix=\"ak_\"><label>&#916;<textarea name=\"ak_hp_textarea\" cols=\"45\" rows=\"8\" maxlength=\"100\"><\/textarea><\/label><input type=\"hidden\" id=\"ak_js_1\" name=\"ak_js\" value=\"12\"\/><script>document.getElementById( \"ak_js_1\" ).setAttribute( \"value\", ( new Date() ).getTime() );<\/script><\/p><\/form>\n<\/div>","protected":false},"excerpt":{"rendered":"<p>N\u2019h\u00e9sitez pas \u00e0 me contacter !<\/p>\n","protected":false},"author":2,"featured_media":2083,"parent":0,"menu_order":0,"comment_status":"closed","ping_status":"closed","template":"templates\/full-width-page.php","meta":{"footnotes":""},"tags":[],"class_list":["post-65","page","type-page","status-publish","has-post-thumbnail","hentry","without-featured-image"],"yoast_head":"<!-- This site is optimized with the Yoast SEO plugin v24.8.1 - https:\/\/yoast.com\/wordpress\/plugins\/seo\/ -->\n<title>Contact - Ethologie equine<\/title>\n<meta name=\"robots\" content=\"index, follow, max-snippet:-1, max-image-preview:large, max-video-preview:-1\" \/>\n<link rel=\"canonical\" href=\"https:\/\/ethologie-equine.fr\/index.php\/contact\/\" \/>\n<meta property=\"og:locale\" content=\"fr_FR\" \/>\n<meta property=\"og:type\" content=\"article\" \/>\n<meta property=\"og:title\" content=\"Contact - Ethologie equine\" \/>\n<meta property=\"og:description\" content=\"N\u2019h\u00e9sitez pas \u00e0 me contacter !\" \/>\n<meta property=\"og:url\" content=\"https:\/\/ethologie-equine.fr\/index.php\/contact\/\" \/>\n<meta property=\"og:site_name\" content=\"Ethologie equine\" \/>\n<meta property=\"article:modified_time\" content=\"2023-11-22T11:26:15+00:00\" \/>\n<meta property=\"og:image\" content=\"https:\/\/ethologie-equine.fr\/wp-content\/uploads\/2023\/11\/photo_contact_1440x960.jpg\" \/>\n\t<meta property=\"og:image:width\" content=\"1440\" \/>\n\t<meta property=\"og:image:height\" content=\"960\" \/>\n\t<meta property=\"og:image:type\" content=\"image\/jpeg\" \/>\n<meta name=\"twitter:card\" content=\"summary_large_image\" \/>\n<meta name=\"twitter:label1\" content=\"Dur\u00e9e de lecture estim\u00e9e\" \/>\n\t<meta name=\"twitter:data1\" content=\"1 minute\" \/>\n<script type=\"application\/ld+json\" class=\"yoast-schema-graph\">{\"@context\":\"https:\/\/schema.org\",\"@graph\":[{\"@type\":\"WebPage\",\"@id\":\"https:\/\/ethologie-equine.fr\/index.php\/contact\/\",\"url\":\"https:\/\/ethologie-equine.fr\/index.php\/contact\/\",\"name\":\"Contact - Ethologie equine\",\"isPartOf\":{\"@id\":\"https:\/\/ethologie-equine.fr\/#website\"},\"primaryImageOfPage\":{\"@id\":\"https:\/\/ethologie-equine.fr\/index.php\/contact\/#primaryimage\"},\"image\":{\"@id\":\"https:\/\/ethologie-equine.fr\/index.php\/contact\/#primaryimage\"},\"thumbnailUrl\":\"https:\/\/i0.wp.com\/ethologie-equine.fr\/wp-content\/uploads\/2023\/11\/photo_contact_1440x960.jpg?fit=1440%2C960&ssl=1\",\"datePublished\":\"2020-04-08T14:13:46+00:00\",\"dateModified\":\"2023-11-22T11:26:15+00:00\",\"breadcrumb\":{\"@id\":\"https:\/\/ethologie-equine.fr\/index.php\/contact\/#breadcrumb\"},\"inLanguage\":\"fr-FR\",\"potentialAction\":[{\"@type\":\"ReadAction\",\"target\":[\"https:\/\/ethologie-equine.fr\/index.php\/contact\/\"]}]},{\"@type\":\"ImageObject\",\"inLanguage\":\"fr-FR\",\"@id\":\"https:\/\/ethologie-equine.fr\/index.php\/contact\/#primaryimage\",\"url\":\"https:\/\/i0.wp.com\/ethologie-equine.fr\/wp-content\/uploads\/2023\/11\/photo_contact_1440x960.jpg?fit=1440%2C960&ssl=1\",\"contentUrl\":\"https:\/\/i0.wp.com\/ethologie-equine.fr\/wp-content\/uploads\/2023\/11\/photo_contact_1440x960.jpg?fit=1440%2C960&ssl=1\",\"width\":1440,\"height\":960,\"caption\":\"Contact \u00e9thologie \u00e9quine\"},{\"@type\":\"BreadcrumbList\",\"@id\":\"https:\/\/ethologie-equine.fr\/index.php\/contact\/#breadcrumb\",\"itemListElement\":[{\"@type\":\"ListItem\",\"position\":1,\"name\":\"Accueil\",\"item\":\"https:\/\/ethologie-equine.fr\/\"},{\"@type\":\"ListItem\",\"position\":2,\"name\":\"Contact\"}]},{\"@type\":\"WebSite\",\"@id\":\"https:\/\/ethologie-equine.fr\/#website\",\"url\":\"https:\/\/ethologie-equine.fr\/\",\"name\":\"Ethologie equine\",\"description\":\"la science au service du cheval\",\"publisher\":{\"@id\":\"https:\/\/ethologie-equine.fr\/#organization\"},\"potentialAction\":[{\"@type\":\"SearchAction\",\"target\":{\"@type\":\"EntryPoint\",\"urlTemplate\":\"https:\/\/ethologie-equine.fr\/?s={search_term_string}\"},\"query-input\":{\"@type\":\"PropertyValueSpecification\",\"valueRequired\":true,\"valueName\":\"search_term_string\"}}],\"inLanguage\":\"fr-FR\"},{\"@type\":\"Organization\",\"@id\":\"https:\/\/ethologie-equine.fr\/#organization\",\"name\":\"Ethologie equine\",\"url\":\"https:\/\/ethologie-equine.fr\/\",\"logo\":{\"@type\":\"ImageObject\",\"inLanguage\":\"fr-FR\",\"@id\":\"https:\/\/ethologie-equine.fr\/#\/schema\/logo\/image\/\",\"url\":\"https:\/\/i0.wp.com\/ethologie-equine.fr\/wp-content\/uploads\/2021\/10\/Logo-EE-site-800x900-1.png?fit=900%2C801&ssl=1\",\"contentUrl\":\"https:\/\/i0.wp.com\/ethologie-equine.fr\/wp-content\/uploads\/2021\/10\/Logo-EE-site-800x900-1.png?fit=900%2C801&ssl=1\",\"width\":900,\"height\":801,\"caption\":\"Ethologie equine\"},\"image\":{\"@id\":\"https:\/\/ethologie-equine.fr\/#\/schema\/logo\/image\/\"}}]}<\/script>\n<!-- \/ Yoast SEO plugin. -->","yoast_head_json":{"title":"Contact - Ethologie equine","robots":{"index":"index","follow":"follow","max-snippet":"max-snippet:-1","max-image-preview":"max-image-preview:large","max-video-preview":"max-video-preview:-1"},"canonical":"https:\/\/ethologie-equine.fr\/index.php\/contact\/","og_locale":"fr_FR","og_type":"article","og_title":"Contact - Ethologie equine","og_description":"N\u2019h\u00e9sitez pas \u00e0 me contacter !","og_url":"https:\/\/ethologie-equine.fr\/index.php\/contact\/","og_site_name":"Ethologie equine","article_modified_time":"2023-11-22T11:26:15+00:00","og_image":[{"width":1440,"height":960,"url":"https:\/\/ethologie-equine.fr\/wp-content\/uploads\/2023\/11\/photo_contact_1440x960.jpg","type":"image\/jpeg"}],"twitter_card":"summary_large_image","twitter_misc":{"Dur\u00e9e de lecture estim\u00e9e":"1 minute"},"schema":{"@context":"https:\/\/schema.org","@graph":[{"@type":"WebPage","@id":"https:\/\/ethologie-equine.fr\/index.php\/contact\/","url":"https:\/\/ethologie-equine.fr\/index.php\/contact\/","name":"Contact - Ethologie equine","isPartOf":{"@id":"https:\/\/ethologie-equine.fr\/#website"},"primaryImageOfPage":{"@id":"https:\/\/ethologie-equine.fr\/index.php\/contact\/#primaryimage"},"image":{"@id":"https:\/\/ethologie-equine.fr\/index.php\/contact\/#primaryimage"},"thumbnailUrl":"https:\/\/i0.wp.com\/ethologie-equine.fr\/wp-content\/uploads\/2023\/11\/photo_contact_1440x960.jpg?fit=1440%2C960&ssl=1","datePublished":"2020-04-08T14:13:46+00:00","dateModified":"2023-11-22T11:26:15+00:00","breadcrumb":{"@id":"https:\/\/ethologie-equine.fr\/index.php\/contact\/#breadcrumb"},"inLanguage":"fr-FR","potentialAction":[{"@type":"ReadAction","target":["https:\/\/ethologie-equine.fr\/index.php\/contact\/"]}]},{"@type":"ImageObject","inLanguage":"fr-FR","@id":"https:\/\/ethologie-equine.fr\/index.php\/contact\/#primaryimage","url":"https:\/\/i0.wp.com\/ethologie-equine.fr\/wp-content\/uploads\/2023\/11\/photo_contact_1440x960.jpg?fit=1440%2C960&ssl=1","contentUrl":"https:\/\/i0.wp.com\/ethologie-equine.fr\/wp-content\/uploads\/2023\/11\/photo_contact_1440x960.jpg?fit=1440%2C960&ssl=1","width":1440,"height":960,"caption":"Contact \u00e9thologie \u00e9quine"},{"@type":"BreadcrumbList","@id":"https:\/\/ethologie-equine.fr\/index.php\/contact\/#breadcrumb","itemListElement":[{"@type":"ListItem","position":1,"name":"Accueil","item":"https:\/\/ethologie-equine.fr\/"},{"@type":"ListItem","position":2,"name":"Contact"}]},{"@type":"WebSite","@id":"https:\/\/ethologie-equine.fr\/#website","url":"https:\/\/ethologie-equine.fr\/","name":"Ethologie equine","description":"la science au service du cheval","publisher":{"@id":"https:\/\/ethologie-equine.fr\/#organization"},"potentialAction":[{"@type":"SearchAction","target":{"@type":"EntryPoint","urlTemplate":"https:\/\/ethologie-equine.fr\/?s={search_term_string}"},"query-input":{"@type":"PropertyValueSpecification","valueRequired":true,"valueName":"search_term_string"}}],"inLanguage":"fr-FR"},{"@type":"Organization","@id":"https:\/\/ethologie-equine.fr\/#organization","name":"Ethologie equine","url":"https:\/\/ethologie-equine.fr\/","logo":{"@type":"ImageObject","inLanguage":"fr-FR","@id":"https:\/\/ethologie-equine.fr\/#\/schema\/logo\/image\/","url":"https:\/\/i0.wp.com\/ethologie-equine.fr\/wp-content\/uploads\/2021\/10\/Logo-EE-site-800x900-1.png?fit=900%2C801&ssl=1","contentUrl":"https:\/\/i0.wp.com\/ethologie-equine.fr\/wp-content\/uploads\/2021\/10\/Logo-EE-site-800x900-1.png?fit=900%2C801&ssl=1","width":900,"height":801,"caption":"Ethologie equine"},"image":{"@id":"https:\/\/ethologie-equine.fr\/#\/schema\/logo\/image\/"}}]}},"jetpack_sharing_enabled":true,"_links":{"self":[{"href":"https:\/\/ethologie-equine.fr\/index.php\/wp-json\/wp\/v2\/pages\/65","targetHints":{"allow":["GET"]}}],"collection":[{"href":"https:\/\/ethologie-equine.fr\/index.php\/wp-json\/wp\/v2\/pages"}],"about":[{"href":"https:\/\/ethologie-equine.fr\/index.php\/wp-json\/wp\/v2\/types\/page"}],"author":[{"embeddable":true,"href":"https:\/\/ethologie-equine.fr\/index.php\/wp-json\/wp\/v2\/users\/2"}],"replies":[{"embeddable":true,"href":"https:\/\/ethologie-equine.fr\/index.php\/wp-json\/wp\/v2\/comments?post=65"}],"version-history":[{"count":14,"href":"https:\/\/ethologie-equine.fr\/index.php\/wp-json\/wp\/v2\/pages\/65\/revisions"}],"predecessor-version":[{"id":2068,"href":"https:\/\/ethologie-equine.fr\/index.php\/wp-json\/wp\/v2\/pages\/65\/revisions\/2068"}],"wp:featuredmedia":[{"embeddable":true,"href":"https:\/\/ethologie-equine.fr\/index.php\/wp-json\/wp\/v2\/media\/2083"}],"wp:attachment":[{"href":"https:\/\/ethologie-equine.fr\/index.php\/wp-json\/wp\/v2\/media?parent=65"}],"wp:term":[{"taxonomy":"post_tag","embeddable":true,"href":"https:\/\/ethologie-equine.fr\/index.php\/wp-json\/wp\/v2\/tags?post=65"}],"curies":[{"name":"wp","href":"https:\/\/api.w.org\/{rel}","templated":true}]}}