{"id":2176,"date":"2024-05-27T15:40:07","date_gmt":"2024-05-27T13:40:07","guid":{"rendered":"https:\/\/ethologie-equine.fr\/?page_id=2176"},"modified":"2025-04-09T08:48:07","modified_gmt":"2025-04-09T06:48:07","slug":"mentions-legales","status":"publish","type":"page","link":"https:\/\/ethologie-equine.fr\/index.php\/mentions-legales\/","title":{"rendered":"Mentions L\u00e9gales"},"content":{"rendered":"<p>Conform\u00e9ment aux dispositions de la loi n\u00b0 2004-575 du 21 juin 2004 pour la confiance en l\u2019\u00e9conomie num\u00e9rique, il est pr\u00e9cis\u00e9 aux utilisateurs du site \u00ab\u00a0\u00c9thologie \u00c9quine\u00a0\u00bb l\u2019identit\u00e9 des diff\u00e9rents intervenants dans le cadre de sa r\u00e9alisation et de son suivi.<\/p>\n<h2><strong>\u00c9diteur du site<\/strong><\/h2>\n<p>Le pr\u00e9sent site est \u00e9dit\u00e9 par \u00c9thologie \u00c9quine<\/p>\n<h2><strong>Responsable de la publication<\/strong><\/h2>\n<p>No\u00e9mie Roynette<\/p>\n<h2><strong>H\u00e9bergement<\/strong><\/h2>\n<p>Le site \u00ab\u00a0\u00c9thologie \u00c9quine\u00a0\u00bb est h\u00e9berg\u00e9 par la soci\u00e9t\u00e9 OVH SAS, situ\u00e9 2 rue Kellermann \u2013 BP 80157 \u2013 59053 Roubaix Cedex 1<\/p>\n<p>T\u00e9l\u00e9phone : 1007<\/p>\n<h2 id=\"propriete-intellectuelle\"><strong>Propri\u00e9t\u00e9 intellectuelle<\/strong><\/h2>\n<p>L\u2019ensemble des contenus (textes, images, vid\u00e9os, etc.) pr\u00e9sent\u00e9s sur ce site est la propri\u00e9t\u00e9 d&rsquo;\u00c9thologie \u00c9quine ou de leurs auteurs respectifs. Toute reproduction, distribution, modification, adaptation, retransmission ou publication, m\u00eame partielle, de ces diff\u00e9rents \u00e9l\u00e9ments est strictement interdite sans l&rsquo;accord pr\u00e9alable d&rsquo;\u00c9thologie \u00c9quine.<\/p>\n<h2><strong>Responsabilit\u00e9<\/strong><\/h2>\n<p>\u00c9thologie \u00c9quine met tout en \u0153uvre pour offrir aux utilisateurs des informations et\/ou outils disponibles et v\u00e9rifi\u00e9s, mais ne saurait \u00eatre tenu pour responsable des erreurs, d&rsquo;une absence de disponibilit\u00e9 des fonctionnalit\u00e9s ou de la pr\u00e9sence de virus sur son site.<\/p>\n<p>Les informations fournies sur le site le sont \u00e0 titre informatif et ne sauraient dispenser l\u2019utilisateur d\u2019une analyse compl\u00e9mentaire et personnalis\u00e9e. Malgr\u00e9 tout le soin apport\u00e9 \u00e0 la cr\u00e9ation de ses contenus, \u00c9thologie \u00c9quine ne saurait garantir l\u2019exactitude, la compl\u00e9tude, l\u2019actualit\u00e9 des informations diffus\u00e9es sur le site. En cons\u00e9quence, l\u2019utilisateur reconna\u00eet utiliser ces informations sous sa responsabilit\u00e9 exclusive.<\/p>\n<h2><strong>Donn\u00e9es personnelles<\/strong><\/h2>\n<p>Les donn\u00e9es personnelles collect\u00e9es sur ce site sont uniquement destin\u00e9es \u00e0 l\u2019usage interne d&rsquo;\u00c9thologie \u00c9quine. En aucun cas ces donn\u00e9es ne seront c\u00e9d\u00e9es ou vendues \u00e0 des tiers. Conform\u00e9ment \u00e0 la loi Informatique et Libert\u00e9s du 6 janvier 1978 modifi\u00e9e, vous disposez d\u2019un droit d\u2019acc\u00e8s, de rectification et de suppression des donn\u00e9es vous concernant. Vous pouvez exercer ce droit en nous contactant \u00e0 l\u2019adresse suivante\u00a0 <a href=\"mailto:contact@ethologie-equine.fr\">contact@ethologie-equine.fr<\/a><\/p>\n<h2><strong>Cookies<\/strong><\/h2>\n<p>Le site \u00ab\u00a0\u00c9thologie \u00c9quine\u00a0\u00bb utilise des cookies pour am\u00e9liorer l\u2019exp\u00e9rience utilisateur, r\u00e9aliser des statistiques d\u2019audience, et proposer des publicit\u00e9s cibl\u00e9es adapt\u00e9es aux centres d\u2019int\u00e9r\u00eats des utilisateurs. En poursuivant votre navigation sur ce site, vous acceptez l\u2019utilisation de cookies conform\u00e9ment \u00e0 notre politique de confidentialit\u00e9.<\/p>\n<h2><strong>Liens hypertextes<\/strong><\/h2>\n<p>Dans un souci d\u2019information et de commodit\u00e9, le pr\u00e9sent site fournit aux utilisateurs des liens ou des r\u00e9f\u00e9rences \u00e0 d\u2019autres sites dont il ne ma\u00eetrise pas l\u2019actualisation. \u00c9thologie \u00c9quine ne saurait \u00eatre tenu responsable de la teneur desdits autres sites ni d\u2019aucun dommage ou pr\u00e9judice en d\u00e9coulant.<\/p>\n<p>La mise en place de liens hypertextes en direction du site \u00ab\u00a0\u00c9thologie \u00c9quine\u00a0\u00bb est soumise \u00e0 un accord pr\u00e9alable.<\/p>\n<p>\u00c9thologie \u00c9quine d\u00e9cline toute responsabilit\u00e9 concernant le contenu des sites li\u00e9s \u00e0 son site web.<\/p>\n<h2><strong>Droit applicable<\/strong><\/h2>\n<p>Le pr\u00e9sent site est soumis au droit fran\u00e7ais. En cas de litige, les tribunaux fran\u00e7ais seront seuls comp\u00e9tents.<\/p>\n<h2><strong>Contact<\/strong><\/h2>\n<p>Pour toute question relative aux mentions l\u00e9gales du site, vous pouvez nous \u00e9crire \u00e0 <a href=\"mailto:contact@ethologie-equine.fr\">contact@ethologie-equine.fr<\/a><\/p>\n","protected":false},"excerpt":{"rendered":"<p>Conform\u00e9ment aux dispositions de la loi n\u00b0 2004-575 du 21 juin 2004 pour la confiance en l\u2019\u00e9conomie num\u00e9rique, il est pr\u00e9cis\u00e9 aux utilisateurs du site \u00ab\u00a0\u00c9thologie \u00c9quine\u00a0\u00bb l\u2019identit\u00e9 des diff\u00e9rents intervenants dans le cadre de sa r\u00e9alisation et de son suivi. \u00c9diteur du site Le pr\u00e9sent site est \u00e9dit\u00e9 par \u00c9thologie \u00c9quine Responsable de la&hellip; <a href=\"https:\/\/ethologie-equine.fr\/index.php\/mentions-legales\/\" class=\"more-link\">Lire la suite <span class=\"screen-reader-text\">Mentions L\u00e9gales<\/span><\/a><\/p>\n","protected":false},"author":1,"featured_media":0,"parent":0,"menu_order":0,"comment_status":"closed","ping_status":"closed","template":"","meta":{"footnotes":""},"tags":[],"class_list":["post-2176","page","type-page","status-publish","hentry","without-featured-image"],"yoast_head":"<!-- This site is optimized with the Yoast SEO plugin v24.8.1 - https:\/\/yoast.com\/wordpress\/plugins\/seo\/ -->\n<title>Mentions L\u00e9gales - Ethologie equine<\/title>\n<meta name=\"robots\" content=\"index, follow, max-snippet:-1, max-image-preview:large, max-video-preview:-1\" \/>\n<link rel=\"canonical\" href=\"https:\/\/ethologie-equine.fr\/index.php\/mentions-legales\/\" \/>\n<meta property=\"og:locale\" content=\"fr_FR\" \/>\n<meta property=\"og:type\" content=\"article\" \/>\n<meta property=\"og:title\" content=\"Mentions L\u00e9gales - Ethologie equine\" \/>\n<meta property=\"og:description\" content=\"Conform\u00e9ment aux dispositions de la loi n\u00b0 2004-575 du 21 juin 2004 pour la confiance en l\u2019\u00e9conomie num\u00e9rique, il est pr\u00e9cis\u00e9 aux utilisateurs du site \u00ab\u00a0\u00c9thologie \u00c9quine\u00a0\u00bb l\u2019identit\u00e9 des diff\u00e9rents intervenants dans le cadre de sa r\u00e9alisation et de son suivi. \u00c9diteur du site Le pr\u00e9sent site est \u00e9dit\u00e9 par \u00c9thologie \u00c9quine Responsable de la&hellip; Lire la suite Mentions L\u00e9gales\" \/>\n<meta property=\"og:url\" content=\"https:\/\/ethologie-equine.fr\/index.php\/mentions-legales\/\" \/>\n<meta property=\"og:site_name\" content=\"Ethologie equine\" \/>\n<meta property=\"article:modified_time\" content=\"2025-04-09T06:48:07+00:00\" \/>\n<meta name=\"twitter:card\" content=\"summary_large_image\" \/>\n<meta name=\"twitter:label1\" content=\"Dur\u00e9e de lecture estim\u00e9e\" \/>\n\t<meta name=\"twitter:data1\" content=\"3 minutes\" \/>\n<script type=\"application\/ld+json\" class=\"yoast-schema-graph\">{\"@context\":\"https:\/\/schema.org\",\"@graph\":[{\"@type\":\"WebPage\",\"@id\":\"https:\/\/ethologie-equine.fr\/index.php\/mentions-legales\/\",\"url\":\"https:\/\/ethologie-equine.fr\/index.php\/mentions-legales\/\",\"name\":\"Mentions L\u00e9gales - Ethologie equine\",\"isPartOf\":{\"@id\":\"https:\/\/ethologie-equine.fr\/#website\"},\"datePublished\":\"2024-05-27T13:40:07+00:00\",\"dateModified\":\"2025-04-09T06:48:07+00:00\",\"breadcrumb\":{\"@id\":\"https:\/\/ethologie-equine.fr\/index.php\/mentions-legales\/#breadcrumb\"},\"inLanguage\":\"fr-FR\",\"potentialAction\":[{\"@type\":\"ReadAction\",\"target\":[\"https:\/\/ethologie-equine.fr\/index.php\/mentions-legales\/\"]}]},{\"@type\":\"BreadcrumbList\",\"@id\":\"https:\/\/ethologie-equine.fr\/index.php\/mentions-legales\/#breadcrumb\",\"itemListElement\":[{\"@type\":\"ListItem\",\"position\":1,\"name\":\"Accueil\",\"item\":\"https:\/\/ethologie-equine.fr\/\"},{\"@type\":\"ListItem\",\"position\":2,\"name\":\"Mentions L\u00e9gales\"}]},{\"@type\":\"WebSite\",\"@id\":\"https:\/\/ethologie-equine.fr\/#website\",\"url\":\"https:\/\/ethologie-equine.fr\/\",\"name\":\"Ethologie equine\",\"description\":\"la science au service du cheval\",\"publisher\":{\"@id\":\"https:\/\/ethologie-equine.fr\/#organization\"},\"potentialAction\":[{\"@type\":\"SearchAction\",\"target\":{\"@type\":\"EntryPoint\",\"urlTemplate\":\"https:\/\/ethologie-equine.fr\/?s={search_term_string}\"},\"query-input\":{\"@type\":\"PropertyValueSpecification\",\"valueRequired\":true,\"valueName\":\"search_term_string\"}}],\"inLanguage\":\"fr-FR\"},{\"@type\":\"Organization\",\"@id\":\"https:\/\/ethologie-equine.fr\/#organization\",\"name\":\"Ethologie equine\",\"url\":\"https:\/\/ethologie-equine.fr\/\",\"logo\":{\"@type\":\"ImageObject\",\"inLanguage\":\"fr-FR\",\"@id\":\"https:\/\/ethologie-equine.fr\/#\/schema\/logo\/image\/\",\"url\":\"https:\/\/i0.wp.com\/ethologie-equine.fr\/wp-content\/uploads\/2021\/10\/Logo-EE-site-800x900-1.png?fit=900%2C801&ssl=1\",\"contentUrl\":\"https:\/\/i0.wp.com\/ethologie-equine.fr\/wp-content\/uploads\/2021\/10\/Logo-EE-site-800x900-1.png?fit=900%2C801&ssl=1\",\"width\":900,\"height\":801,\"caption\":\"Ethologie equine\"},\"image\":{\"@id\":\"https:\/\/ethologie-equine.fr\/#\/schema\/logo\/image\/\"}}]}<\/script>\n<!-- \/ Yoast SEO plugin. -->","yoast_head_json":{"title":"Mentions L\u00e9gales - Ethologie equine","robots":{"index":"index","follow":"follow","max-snippet":"max-snippet:-1","max-image-preview":"max-image-preview:large","max-video-preview":"max-video-preview:-1"},"canonical":"https:\/\/ethologie-equine.fr\/index.php\/mentions-legales\/","og_locale":"fr_FR","og_type":"article","og_title":"Mentions L\u00e9gales - Ethologie equine","og_description":"Conform\u00e9ment aux dispositions de la loi n\u00b0 2004-575 du 21 juin 2004 pour la confiance en l\u2019\u00e9conomie num\u00e9rique, il est pr\u00e9cis\u00e9 aux utilisateurs du site \u00ab\u00a0\u00c9thologie \u00c9quine\u00a0\u00bb l\u2019identit\u00e9 des diff\u00e9rents intervenants dans le cadre de sa r\u00e9alisation et de son suivi. \u00c9diteur du site Le pr\u00e9sent site est \u00e9dit\u00e9 par \u00c9thologie \u00c9quine Responsable de la&hellip; Lire la suite Mentions L\u00e9gales","og_url":"https:\/\/ethologie-equine.fr\/index.php\/mentions-legales\/","og_site_name":"Ethologie equine","article_modified_time":"2025-04-09T06:48:07+00:00","twitter_card":"summary_large_image","twitter_misc":{"Dur\u00e9e de lecture estim\u00e9e":"3 minutes"},"schema":{"@context":"https:\/\/schema.org","@graph":[{"@type":"WebPage","@id":"https:\/\/ethologie-equine.fr\/index.php\/mentions-legales\/","url":"https:\/\/ethologie-equine.fr\/index.php\/mentions-legales\/","name":"Mentions L\u00e9gales - Ethologie equine","isPartOf":{"@id":"https:\/\/ethologie-equine.fr\/#website"},"datePublished":"2024-05-27T13:40:07+00:00","dateModified":"2025-04-09T06:48:07+00:00","breadcrumb":{"@id":"https:\/\/ethologie-equine.fr\/index.php\/mentions-legales\/#breadcrumb"},"inLanguage":"fr-FR","potentialAction":[{"@type":"ReadAction","target":["https:\/\/ethologie-equine.fr\/index.php\/mentions-legales\/"]}]},{"@type":"BreadcrumbList","@id":"https:\/\/ethologie-equine.fr\/index.php\/mentions-legales\/#breadcrumb","itemListElement":[{"@type":"ListItem","position":1,"name":"Accueil","item":"https:\/\/ethologie-equine.fr\/"},{"@type":"ListItem","position":2,"name":"Mentions L\u00e9gales"}]},{"@type":"WebSite","@id":"https:\/\/ethologie-equine.fr\/#website","url":"https:\/\/ethologie-equine.fr\/","name":"Ethologie equine","description":"la science au service du cheval","publisher":{"@id":"https:\/\/ethologie-equine.fr\/#organization"},"potentialAction":[{"@type":"SearchAction","target":{"@type":"EntryPoint","urlTemplate":"https:\/\/ethologie-equine.fr\/?s={search_term_string}"},"query-input":{"@type":"PropertyValueSpecification","valueRequired":true,"valueName":"search_term_string"}}],"inLanguage":"fr-FR"},{"@type":"Organization","@id":"https:\/\/ethologie-equine.fr\/#organization","name":"Ethologie equine","url":"https:\/\/ethologie-equine.fr\/","logo":{"@type":"ImageObject","inLanguage":"fr-FR","@id":"https:\/\/ethologie-equine.fr\/#\/schema\/logo\/image\/","url":"https:\/\/i0.wp.com\/ethologie-equine.fr\/wp-content\/uploads\/2021\/10\/Logo-EE-site-800x900-1.png?fit=900%2C801&ssl=1","contentUrl":"https:\/\/i0.wp.com\/ethologie-equine.fr\/wp-content\/uploads\/2021\/10\/Logo-EE-site-800x900-1.png?fit=900%2C801&ssl=1","width":900,"height":801,"caption":"Ethologie equine"},"image":{"@id":"https:\/\/ethologie-equine.fr\/#\/schema\/logo\/image\/"}}]}},"jetpack_sharing_enabled":true,"_links":{"self":[{"href":"https:\/\/ethologie-equine.fr\/index.php\/wp-json\/wp\/v2\/pages\/2176","targetHints":{"allow":["GET"]}}],"collection":[{"href":"https:\/\/ethologie-equine.fr\/index.php\/wp-json\/wp\/v2\/pages"}],"about":[{"href":"https:\/\/ethologie-equine.fr\/index.php\/wp-json\/wp\/v2\/types\/page"}],"author":[{"embeddable":true,"href":"https:\/\/ethologie-equine.fr\/index.php\/wp-json\/wp\/v2\/users\/1"}],"replies":[{"embeddable":true,"href":"https:\/\/ethologie-equine.fr\/index.php\/wp-json\/wp\/v2\/comments?post=2176"}],"version-history":[{"count":7,"href":"https:\/\/ethologie-equine.fr\/index.php\/wp-json\/wp\/v2\/pages\/2176\/revisions"}],"predecessor-version":[{"id":2274,"href":"https:\/\/ethologie-equine.fr\/index.php\/wp-json\/wp\/v2\/pages\/2176\/revisions\/2274"}],"wp:attachment":[{"href":"https:\/\/ethologie-equine.fr\/index.php\/wp-json\/wp\/v2\/media?parent=2176"}],"wp:term":[{"taxonomy":"post_tag","embeddable":true,"href":"https:\/\/ethologie-equine.fr\/index.php\/wp-json\/wp\/v2\/tags?post=2176"}],"curies":[{"name":"wp","href":"https:\/\/api.w.org\/{rel}","templated":true}]}}