{"id":189,"date":"2020-04-09T21:30:37","date_gmt":"2020-04-09T19:30:37","guid":{"rendered":"https:\/\/ethoequine.wordpress.com\/?page_id=189"},"modified":"2023-05-26T22:37:12","modified_gmt":"2023-05-26T20:37:12","slug":"ethologie-equine","status":"publish","type":"page","link":"https:\/\/ethologie-equine.fr\/","title":{"rendered":"Bienvenue !"},"content":{"rendered":"\r\n<p>Particulier ou professionnel, vous souhaitez en apprendre plus sur le comportement du cheval ? Alors vous \u00eates au bon endroit !<\/p>\r\n<p><img data-recalc-dims=\"1\" loading=\"lazy\" decoding=\"async\" class=\" wp-image-2007 aligncenter\" src=\"https:\/\/i0.wp.com\/ethologie-equine.fr\/wp-content\/uploads\/2023\/05\/nuage.png?resize=442%2C402&#038;ssl=1\" alt=\"nuage de mots \u00e9thologie \u00e9quine\" width=\"442\" height=\"402\" srcset=\"https:\/\/i0.wp.com\/ethologie-equine.fr\/wp-content\/uploads\/2023\/05\/nuage.png?w=628&amp;ssl=1 628w, https:\/\/i0.wp.com\/ethologie-equine.fr\/wp-content\/uploads\/2023\/05\/nuage.png?resize=300%2C273&amp;ssl=1 300w\" sizes=\"auto, (max-width: 442px) 100vw, 442px\" \/><\/p>\r\n<p><span style=\"font-weight: 400;\">Mais pourquoi donc s&rsquo;int\u00e9resser au comportement des chevaux ?\u00a0<\/span><\/p>\r\n<p><span style=\"font-weight: 400;\">En premier lieu, pour mieux les comprendre, mais \u00e9galement pour \u00eatre mieux compris.<\/span><\/p>\r\n<p><span style=\"font-weight: 400;\">Imaginez vous en voyage \u00e0 l\u2019\u00e9tranger, mais vous ne parlez pas un mot de la langue locale, comment vous\u00a0<\/span><span style=\"font-weight: 400;\">faire comprendre ? M\u00eame si vous savez (tr\u00e8s bien) parler avec les mains, il ne vous reste plus qu&rsquo;\u00e0 apprendre la langue du pays ! (ou \u00e0 trouver un interpr\u00e8te).\u00a0<\/span><\/p>\r\n<p><span style=\"font-weight: 400;\">Les chevaux, eux, communiquent principalement avec un langage non verbal, dont nous avons petit \u00e0 petit d\u00e9laiss\u00e9 l\u2019usage, au profit du langage.\u00a0<\/span><\/p>\r\n<p><span style=\"font-weight: 400;\">C&rsquo;est en apprenant \u00e0 \u00ab\u00a0parler cheval\u00a0\u00bb que vous pourrez mieux comprendre ces \u00eatres fascinants que sont les chevaux.<\/span><\/p>\r\n<p><span style=\"font-weight: 400;\">Les recherches en \u00e9thologie nous aident chaque jour \u00e0 en apprendre davantage sur leurs besoins, leurs capacit\u00e9s cognitives, leurs relations sociales, la fa\u00e7on dont ils apprennent et comprennent le monde qui les entoure, pour, in fine, assurer leur bien-\u00eatre et entretenir des relations positives avec eux.<\/span><\/p>\r\n<p><span style=\"font-weight: 400;\">Chez \u00c9<\/span><span style=\"font-weight: 400;\">thologie \u00c9<\/span><span style=\"font-weight: 400;\">quine nous pensons que ces connaissances devraient \u00eatre un pr\u00e9requis \u00e0 toutes les pratiques autour des chevaux, qu\u2019elles soient exerc\u00e9es \u00e0 titre professionnel ou de loisir. <\/span><\/p>\r\n<p><span style=\"font-weight: 400;\">Trop d\u2019accidents et de mauvaises relations naissent malheureusement d\u2019une incompr\u00e9hension r\u00e9ciproque.<\/span><\/p>\r\n<p><span style=\"font-weight: 400;\">Sur ce site vous trouverez des <a href=\"https:\/\/ethologie-equine.fr\/index.php\/blog\/\">articles de blog<\/a> sur diff\u00e9rentes th\u00e9matiques li\u00e9es au comportement des \u00e9quid\u00e9s, <\/span><a href=\"https:\/\/ethologie-equine.fr\/index.php\/dico-detho\/\"><span style=\"font-weight: 400;\">le dico d\u2019\u00e9tho<\/span><\/a><span style=\"font-weight: 400;\">, qui recense les d\u00e9finitions d\u2019un certain nombre de termes sp\u00e9cifiques, mais aussi les diff\u00e9rents <a href=\"https:\/\/ethologie-equine.fr\/index.php\/services\/\">services<\/a> qui vous sont propos\u00e9s, comme des consultations individuelles, des bilans comportementaux, des ateliers et des formations en \u00e9thologie, ou encore une expertise scientifique.<\/span><\/p>\r\n","protected":false},"excerpt":{"rendered":"<p>Particulier ou professionnel, vous souhaitez en apprendre plus sur le comportement du cheval ? Alors vous \u00eates au bon endroit ! Mais pourquoi donc s&rsquo;int\u00e9resser au comportement des chevaux ?\u00a0 En premier lieu, pour mieux les comprendre, mais \u00e9galement pour \u00eatre mieux compris. Imaginez vous en voyage \u00e0 l\u2019\u00e9tranger, mais vous ne parlez pas un&hellip; <a href=\"https:\/\/ethologie-equine.fr\/\" class=\"more-link\">Lire la suite <span class=\"screen-reader-text\">Bienvenue !<\/span><\/a><\/p>\n","protected":false},"author":2,"featured_media":278,"parent":0,"menu_order":0,"comment_status":"closed","ping_status":"closed","template":"","meta":{"footnotes":""},"tags":[],"class_list":["post-189","page","type-page","status-publish","has-post-thumbnail","hentry","without-featured-image"],"yoast_head":"<!-- This site is optimized with the Yoast SEO plugin v24.8.1 - https:\/\/yoast.com\/wordpress\/plugins\/seo\/ -->\n<title>Ethologie \u00e9quine - la science au service du cheval<\/title>\n<meta name=\"description\" content=\"Particulier ou professionnel, propri\u00e9taire ou passionn\u00e9, vous souhaitez en apprendre plus sur le comportement du cheval ? Alors vous \u00eates au bon endroit !\" \/>\n<meta name=\"robots\" content=\"index, follow, max-snippet:-1, max-image-preview:large, max-video-preview:-1\" \/>\n<link rel=\"canonical\" href=\"https:\/\/ethologie-equine.fr\/\" \/>\n<meta property=\"og:locale\" content=\"fr_FR\" \/>\n<meta property=\"og:type\" content=\"article\" \/>\n<meta property=\"og:title\" content=\"Bienvenue !\" \/>\n<meta property=\"og:description\" content=\"Particulier ou professionnel, propri\u00e9taire ou passionn\u00e9, vous souhaitez en apprendre plus sur le comportement du cheval ? Alors vous \u00eates au bon endroit !\" \/>\n<meta property=\"og:url\" content=\"https:\/\/ethologie-equine.fr\/\" \/>\n<meta property=\"og:site_name\" content=\"Ethologie equine\" \/>\n<meta property=\"article:modified_time\" content=\"2023-05-26T20:37:12+00:00\" \/>\n<meta property=\"og:image\" content=\"https:\/\/ethologie-equine.fr\/wp-content\/uploads\/2020\/04\/wild-horses-2239420.jpg\" \/>\n\t<meta property=\"og:image:width\" content=\"2200\" \/>\n\t<meta property=\"og:image:height\" content=\"1511\" \/>\n\t<meta property=\"og:image:type\" content=\"image\/jpeg\" \/>\n<meta name=\"twitter:card\" content=\"summary_large_image\" \/>\n<meta name=\"twitter:label1\" content=\"Dur\u00e9e de lecture estim\u00e9e\" \/>\n\t<meta name=\"twitter:data1\" content=\"2 minutes\" \/>\n<script type=\"application\/ld+json\" class=\"yoast-schema-graph\">{\"@context\":\"https:\/\/schema.org\",\"@graph\":[{\"@type\":\"WebPage\",\"@id\":\"https:\/\/ethologie-equine.fr\/\",\"url\":\"https:\/\/ethologie-equine.fr\/\",\"name\":\"Ethologie \u00e9quine - la science au service du cheval\",\"isPartOf\":{\"@id\":\"https:\/\/ethologie-equine.fr\/#website\"},\"primaryImageOfPage\":{\"@id\":\"https:\/\/ethologie-equine.fr\/#primaryimage\"},\"image\":{\"@id\":\"https:\/\/ethologie-equine.fr\/#primaryimage\"},\"thumbnailUrl\":\"https:\/\/i0.wp.com\/ethologie-equine.fr\/wp-content\/uploads\/2020\/05\/wild-horses-2239420_1920-e1588695761982.jpg?fit=1785%2C1122&ssl=1\",\"datePublished\":\"2020-04-09T19:30:37+00:00\",\"dateModified\":\"2023-05-26T20:37:12+00:00\",\"description\":\"Particulier ou professionnel, propri\u00e9taire ou passionn\u00e9, vous souhaitez en apprendre plus sur le comportement du cheval ? Alors vous \u00eates au bon endroit !\",\"breadcrumb\":{\"@id\":\"https:\/\/ethologie-equine.fr\/#breadcrumb\"},\"inLanguage\":\"fr-FR\",\"potentialAction\":[{\"@type\":\"ReadAction\",\"target\":[\"https:\/\/ethologie-equine.fr\/\"]}]},{\"@type\":\"ImageObject\",\"inLanguage\":\"fr-FR\",\"@id\":\"https:\/\/ethologie-equine.fr\/#primaryimage\",\"url\":\"https:\/\/i0.wp.com\/ethologie-equine.fr\/wp-content\/uploads\/2020\/05\/wild-horses-2239420_1920-e1588695761982.jpg?fit=1785%2C1122&ssl=1\",\"contentUrl\":\"https:\/\/i0.wp.com\/ethologie-equine.fr\/wp-content\/uploads\/2020\/05\/wild-horses-2239420_1920-e1588695761982.jpg?fit=1785%2C1122&ssl=1\",\"width\":1785,\"height\":1122},{\"@type\":\"BreadcrumbList\",\"@id\":\"https:\/\/ethologie-equine.fr\/#breadcrumb\",\"itemListElement\":[{\"@type\":\"ListItem\",\"position\":1,\"name\":\"Accueil\",\"item\":\"https:\/\/ethologie-equine.fr\/\"},{\"@type\":\"ListItem\",\"position\":2,\"name\":\"Bienvenue !\"}]},{\"@type\":\"WebSite\",\"@id\":\"https:\/\/ethologie-equine.fr\/#website\",\"url\":\"https:\/\/ethologie-equine.fr\/\",\"name\":\"Ethologie equine\",\"description\":\"la science au service du cheval\",\"publisher\":{\"@id\":\"https:\/\/ethologie-equine.fr\/#organization\"},\"potentialAction\":[{\"@type\":\"SearchAction\",\"target\":{\"@type\":\"EntryPoint\",\"urlTemplate\":\"https:\/\/ethologie-equine.fr\/?s={search_term_string}\"},\"query-input\":{\"@type\":\"PropertyValueSpecification\",\"valueRequired\":true,\"valueName\":\"search_term_string\"}}],\"inLanguage\":\"fr-FR\"},{\"@type\":\"Organization\",\"@id\":\"https:\/\/ethologie-equine.fr\/#organization\",\"name\":\"Ethologie equine\",\"url\":\"https:\/\/ethologie-equine.fr\/\",\"logo\":{\"@type\":\"ImageObject\",\"inLanguage\":\"fr-FR\",\"@id\":\"https:\/\/ethologie-equine.fr\/#\/schema\/logo\/image\/\",\"url\":\"https:\/\/i0.wp.com\/ethologie-equine.fr\/wp-content\/uploads\/2021\/10\/Logo-EE-site-800x900-1.png?fit=900%2C801&ssl=1\",\"contentUrl\":\"https:\/\/i0.wp.com\/ethologie-equine.fr\/wp-content\/uploads\/2021\/10\/Logo-EE-site-800x900-1.png?fit=900%2C801&ssl=1\",\"width\":900,\"height\":801,\"caption\":\"Ethologie equine\"},\"image\":{\"@id\":\"https:\/\/ethologie-equine.fr\/#\/schema\/logo\/image\/\"}}]}<\/script>\n<!-- \/ Yoast SEO plugin. -->","yoast_head_json":{"title":"Ethologie \u00e9quine - la science au service du cheval","description":"Particulier ou professionnel, propri\u00e9taire ou passionn\u00e9, vous souhaitez en apprendre plus sur le comportement du cheval ? Alors vous \u00eates au bon endroit !","robots":{"index":"index","follow":"follow","max-snippet":"max-snippet:-1","max-image-preview":"max-image-preview:large","max-video-preview":"max-video-preview:-1"},"canonical":"https:\/\/ethologie-equine.fr\/","og_locale":"fr_FR","og_type":"article","og_title":"Bienvenue !","og_description":"Particulier ou professionnel, propri\u00e9taire ou passionn\u00e9, vous souhaitez en apprendre plus sur le comportement du cheval ? Alors vous \u00eates au bon endroit !","og_url":"https:\/\/ethologie-equine.fr\/","og_site_name":"Ethologie equine","article_modified_time":"2023-05-26T20:37:12+00:00","og_image":[{"width":2200,"height":1511,"url":"https:\/\/ethologie-equine.fr\/wp-content\/uploads\/2020\/04\/wild-horses-2239420.jpg","type":"image\/jpeg"}],"twitter_card":"summary_large_image","twitter_misc":{"Dur\u00e9e de lecture estim\u00e9e":"2 minutes"},"schema":{"@context":"https:\/\/schema.org","@graph":[{"@type":"WebPage","@id":"https:\/\/ethologie-equine.fr\/","url":"https:\/\/ethologie-equine.fr\/","name":"Ethologie \u00e9quine - la science au service du cheval","isPartOf":{"@id":"https:\/\/ethologie-equine.fr\/#website"},"primaryImageOfPage":{"@id":"https:\/\/ethologie-equine.fr\/#primaryimage"},"image":{"@id":"https:\/\/ethologie-equine.fr\/#primaryimage"},"thumbnailUrl":"https:\/\/i0.wp.com\/ethologie-equine.fr\/wp-content\/uploads\/2020\/05\/wild-horses-2239420_1920-e1588695761982.jpg?fit=1785%2C1122&ssl=1","datePublished":"2020-04-09T19:30:37+00:00","dateModified":"2023-05-26T20:37:12+00:00","description":"Particulier ou professionnel, propri\u00e9taire ou passionn\u00e9, vous souhaitez en apprendre plus sur le comportement du cheval ? Alors vous \u00eates au bon endroit !","breadcrumb":{"@id":"https:\/\/ethologie-equine.fr\/#breadcrumb"},"inLanguage":"fr-FR","potentialAction":[{"@type":"ReadAction","target":["https:\/\/ethologie-equine.fr\/"]}]},{"@type":"ImageObject","inLanguage":"fr-FR","@id":"https:\/\/ethologie-equine.fr\/#primaryimage","url":"https:\/\/i0.wp.com\/ethologie-equine.fr\/wp-content\/uploads\/2020\/05\/wild-horses-2239420_1920-e1588695761982.jpg?fit=1785%2C1122&ssl=1","contentUrl":"https:\/\/i0.wp.com\/ethologie-equine.fr\/wp-content\/uploads\/2020\/05\/wild-horses-2239420_1920-e1588695761982.jpg?fit=1785%2C1122&ssl=1","width":1785,"height":1122},{"@type":"BreadcrumbList","@id":"https:\/\/ethologie-equine.fr\/#breadcrumb","itemListElement":[{"@type":"ListItem","position":1,"name":"Accueil","item":"https:\/\/ethologie-equine.fr\/"},{"@type":"ListItem","position":2,"name":"Bienvenue !"}]},{"@type":"WebSite","@id":"https:\/\/ethologie-equine.fr\/#website","url":"https:\/\/ethologie-equine.fr\/","name":"Ethologie equine","description":"la science au service du cheval","publisher":{"@id":"https:\/\/ethologie-equine.fr\/#organization"},"potentialAction":[{"@type":"SearchAction","target":{"@type":"EntryPoint","urlTemplate":"https:\/\/ethologie-equine.fr\/?s={search_term_string}"},"query-input":{"@type":"PropertyValueSpecification","valueRequired":true,"valueName":"search_term_string"}}],"inLanguage":"fr-FR"},{"@type":"Organization","@id":"https:\/\/ethologie-equine.fr\/#organization","name":"Ethologie equine","url":"https:\/\/ethologie-equine.fr\/","logo":{"@type":"ImageObject","inLanguage":"fr-FR","@id":"https:\/\/ethologie-equine.fr\/#\/schema\/logo\/image\/","url":"https:\/\/i0.wp.com\/ethologie-equine.fr\/wp-content\/uploads\/2021\/10\/Logo-EE-site-800x900-1.png?fit=900%2C801&ssl=1","contentUrl":"https:\/\/i0.wp.com\/ethologie-equine.fr\/wp-content\/uploads\/2021\/10\/Logo-EE-site-800x900-1.png?fit=900%2C801&ssl=1","width":900,"height":801,"caption":"Ethologie equine"},"image":{"@id":"https:\/\/ethologie-equine.fr\/#\/schema\/logo\/image\/"}}]}},"jetpack_sharing_enabled":true,"_links":{"self":[{"href":"https:\/\/ethologie-equine.fr\/index.php\/wp-json\/wp\/v2\/pages\/189","targetHints":{"allow":["GET"]}}],"collection":[{"href":"https:\/\/ethologie-equine.fr\/index.php\/wp-json\/wp\/v2\/pages"}],"about":[{"href":"https:\/\/ethologie-equine.fr\/index.php\/wp-json\/wp\/v2\/types\/page"}],"author":[{"embeddable":true,"href":"https:\/\/ethologie-equine.fr\/index.php\/wp-json\/wp\/v2\/users\/2"}],"replies":[{"embeddable":true,"href":"https:\/\/ethologie-equine.fr\/index.php\/wp-json\/wp\/v2\/comments?post=189"}],"version-history":[{"count":12,"href":"https:\/\/ethologie-equine.fr\/index.php\/wp-json\/wp\/v2\/pages\/189\/revisions"}],"predecessor-version":[{"id":1997,"href":"https:\/\/ethologie-equine.fr\/index.php\/wp-json\/wp\/v2\/pages\/189\/revisions\/1997"}],"wp:featuredmedia":[{"embeddable":true,"href":"https:\/\/ethologie-equine.fr\/index.php\/wp-json\/wp\/v2\/media\/278"}],"wp:attachment":[{"href":"https:\/\/ethologie-equine.fr\/index.php\/wp-json\/wp\/v2\/media?parent=189"}],"wp:term":[{"taxonomy":"post_tag","embeddable":true,"href":"https:\/\/ethologie-equine.fr\/index.php\/wp-json\/wp\/v2\/tags?post=189"}],"curies":[{"name":"wp","href":"https:\/\/api.w.org\/{rel}","templated":true}]}}