{"id":111,"date":"2020-04-08T19:46:58","date_gmt":"2020-04-08T17:46:58","guid":{"rendered":"https:\/\/ethoequine.wordpress.com\/?page_id=111"},"modified":"2023-11-22T12:21:49","modified_gmt":"2023-11-22T11:21:49","slug":"ethologie","status":"publish","type":"page","link":"https:\/\/ethologie-equine.fr\/index.php\/ethologie\/","title":{"rendered":"Qu&rsquo;est-ce que l&rsquo;\u00e9thologie ?"},"content":{"rendered":"\r\n<p>On en entend de plus en plus parler, mais que se cache-t-il vraiment\u00a0derri\u00e8re ce terme ?\u00a0<\/p>\r\n\r\n\r\n\r\n<p>Dans le monde \u00e9questre il faut distinguer deux choses :\u00a0<\/p>\r\n\r\n\r\n\r\n<ul class=\"wp-block-list\">\r\n<li>L&rsquo;\u00e9quitation \u00e9thologique, terme adopt\u00e9 par la F\u00e9d\u00e9ration Fran\u00e7aise d\u2019\u00e9quitation pour qualifier une \u00e9quitation plus respectueuse du cheval. L\u2019\u00e9quitation \u00e9thologique laisse une large part au travail \u00e0 pied et est bas\u00e9e sur l\u2019\u00e9coute, la communication et le respect. Bien que\u00a0par\u00a0raccourci on parle aujourd\u2019hui souvent \u201cd\u2019\u00e9thologie\u201d il ne s&rsquo;agit pas d&rsquo;une science mais d&rsquo;une pratique \u00e9ducative.<\/li>\r\n<\/ul>\r\n\r\n\r\n\r\n<ul class=\"wp-block-list\">\r\n<li>L\u2019\u00e9thologie, qui est la science qui \u00e9tudie le comportement de tous les animaux. Elle ne s\u2019applique donc pas exclusivement au cheval. Il s\u2019agit d\u2019utiliser un ensemble\u00a0d\u2019outils m\u00e9thodologiques pour tenter de r\u00e9pondre \u00e0 des questionnements, des hypoth\u00e8ses \u00e9mises sur diff\u00e9rentes probl\u00e9matiques comme les relations sociales, l\u2019apprentissage, les capacit\u00e9s cognitives etc.\u00a0Pour cela les scientifiques mettent en place des protocoles exp\u00e9rimentaux pour tester diff\u00e9rentes hypoth\u00e8ses, tenter d&rsquo;obtenir des r\u00e9ponses \u00e0 leurs interrogations, et ainsi faire avancer la science.<\/li>\r\n<\/ul>\r\n\r\n\r\n\r\n<p>Dans cette perspective, un \u00e9thologue est donc un scientifique qui a r\u00e9alis\u00e9 des \u00e9tudes \u00e0 l\u2019universit\u00e9. Le plus souvent une licence de biologie, mais parfois de psychologie (avec un certain nombre d&rsquo;enseignements en biologie), suivie d\u2019un master en \u00e9thologie\u00a0\u00e0 vocation recherche ou appliqu\u00e9. Il peut \u00eatre prolong\u00e9 par une th\u00e8se, conf\u00e9rant alors le titre de\u00a0Docteur en \u00e9thologie.\u00a0<\/p>\r\n\r\n\r\n\r\n<div class=\"wp-block-image\">\r\n<figure class=\"aligncenter size-large is-resized\"><img data-recalc-dims=\"1\" loading=\"lazy\" decoding=\"async\" class=\"wp-image-170 aligncenter\" src=\"https:\/\/i0.wp.com\/ethologie-equine.fr\/wp-content\/uploads\/2020\/04\/ethologue-3.png?resize=350%2C342&#038;ssl=1\" alt=\"\" width=\"350\" height=\"342\" \/><\/figure>\r\n<\/div>\r\n\r\n\r\n\r\n<p>L&rsquo;\u00e9thologie \u00e9quine, quant \u00e0 elle, est la science qui s&rsquo;int\u00e9resse plus pr\u00e9cis\u00e9ment au comportement des \u00e9quid\u00e9s. <br \/>On s&rsquo;est tout d&rsquo;abord int\u00e9ress\u00e9 au comportement des chevaux sauvages ou f\u00e9raux (chevaux domestiques retourn\u00e9s \u00e0 l&rsquo;\u00e9tat sauvage) pour ne s&rsquo;int\u00e9resser que plus r\u00e9cemment au comportement du cheval domestique.<br \/>Diff\u00e9rents aspects sont \u00e9tudi\u00e9s comme son budget temps, son organisation hi\u00e9rarchique, ses relations sociales, sa communication, ses capacit\u00e9s cognitives etc.<\/p>\r\n\r\n\r\n\r\n<p>Bien que les connaissances \u00e0 ce sujet progressent de jour en jour, de nombreuses questions et th\u00e9matiques restent encore \u00e0 aborder.<\/p>\r\n\r\n\r\n\r\n<div class=\"wp-block-spacer\" style=\"height: 32px;\" aria-hidden=\"true\">\u00a0<\/div>\r\n","protected":false},"excerpt":{"rendered":"<p>On en entend de plus en plus parler, mais que se cache-t-il vraiment derri\u00e8re ce terme ? <\/p>\n","protected":false},"author":2,"featured_media":2079,"parent":0,"menu_order":1,"comment_status":"closed","ping_status":"closed","template":"templates\/full-width-page.php","meta":{"footnotes":""},"tags":[],"class_list":["post-111","page","type-page","status-publish","has-post-thumbnail","hentry","without-featured-image"],"yoast_head":"<!-- This site is optimized with the Yoast SEO plugin v24.8.1 - https:\/\/yoast.com\/wordpress\/plugins\/seo\/ -->\n<title>Qu&#039;est-ce que l&#039;\u00e9thologie ? - Ethologie equine<\/title>\n<meta name=\"robots\" content=\"index, follow, max-snippet:-1, max-image-preview:large, max-video-preview:-1\" \/>\n<link rel=\"canonical\" href=\"https:\/\/ethologie-equine.fr\/index.php\/ethologie\/\" \/>\n<meta property=\"og:locale\" content=\"fr_FR\" \/>\n<meta property=\"og:type\" content=\"article\" \/>\n<meta property=\"og:title\" content=\"Qu&#039;est-ce que l&#039;\u00e9thologie ?\" \/>\n<meta property=\"og:description\" content=\"On en entend de plus en plus parler, mais que se cache-t-il vraiment derri\u00e8re ce terme ?\" \/>\n<meta property=\"og:url\" content=\"https:\/\/ethologie-equine.fr\/index.php\/ethologie\/\" \/>\n<meta property=\"og:site_name\" content=\"Ethologie equine\" \/>\n<meta property=\"article:modified_time\" content=\"2023-11-22T11:21:49+00:00\" \/>\n<meta property=\"og:image\" content=\"https:\/\/ethologie-equine.fr\/wp-content\/uploads\/2020\/05\/20200508_094221-1.jpg\" \/>\n\t<meta property=\"og:image:width\" content=\"1280\" \/>\n\t<meta property=\"og:image:height\" content=\"853\" \/>\n\t<meta property=\"og:image:type\" content=\"image\/jpeg\" \/>\n<meta name=\"twitter:card\" content=\"summary_large_image\" \/>\n<meta name=\"twitter:label1\" content=\"Dur\u00e9e de lecture estim\u00e9e\" \/>\n\t<meta name=\"twitter:data1\" content=\"2 minutes\" \/>\n<script type=\"application\/ld+json\" class=\"yoast-schema-graph\">{\"@context\":\"https:\/\/schema.org\",\"@graph\":[{\"@type\":\"WebPage\",\"@id\":\"https:\/\/ethologie-equine.fr\/index.php\/ethologie\/\",\"url\":\"https:\/\/ethologie-equine.fr\/index.php\/ethologie\/\",\"name\":\"Qu'est-ce que l'\u00e9thologie ? - Ethologie equine\",\"isPartOf\":{\"@id\":\"https:\/\/ethologie-equine.fr\/#website\"},\"primaryImageOfPage\":{\"@id\":\"https:\/\/ethologie-equine.fr\/index.php\/ethologie\/#primaryimage\"},\"image\":{\"@id\":\"https:\/\/ethologie-equine.fr\/index.php\/ethologie\/#primaryimage\"},\"thumbnailUrl\":\"https:\/\/i0.wp.com\/ethologie-equine.fr\/wp-content\/uploads\/2023\/11\/Photo_etho_1440x960.jpg?fit=1440%2C960&ssl=1\",\"datePublished\":\"2020-04-08T17:46:58+00:00\",\"dateModified\":\"2023-11-22T11:21:49+00:00\",\"breadcrumb\":{\"@id\":\"https:\/\/ethologie-equine.fr\/index.php\/ethologie\/#breadcrumb\"},\"inLanguage\":\"fr-FR\",\"potentialAction\":[{\"@type\":\"ReadAction\",\"target\":[\"https:\/\/ethologie-equine.fr\/index.php\/ethologie\/\"]}]},{\"@type\":\"ImageObject\",\"inLanguage\":\"fr-FR\",\"@id\":\"https:\/\/ethologie-equine.fr\/index.php\/ethologie\/#primaryimage\",\"url\":\"https:\/\/i0.wp.com\/ethologie-equine.fr\/wp-content\/uploads\/2023\/11\/Photo_etho_1440x960.jpg?fit=1440%2C960&ssl=1\",\"contentUrl\":\"https:\/\/i0.wp.com\/ethologie-equine.fr\/wp-content\/uploads\/2023\/11\/Photo_etho_1440x960.jpg?fit=1440%2C960&ssl=1\",\"width\":1440,\"height\":960,\"caption\":\"Ethologie \u00e9quine\"},{\"@type\":\"BreadcrumbList\",\"@id\":\"https:\/\/ethologie-equine.fr\/index.php\/ethologie\/#breadcrumb\",\"itemListElement\":[{\"@type\":\"ListItem\",\"position\":1,\"name\":\"Accueil\",\"item\":\"https:\/\/ethologie-equine.fr\/\"},{\"@type\":\"ListItem\",\"position\":2,\"name\":\"Qu&rsquo;est-ce que l&rsquo;\u00e9thologie ?\"}]},{\"@type\":\"WebSite\",\"@id\":\"https:\/\/ethologie-equine.fr\/#website\",\"url\":\"https:\/\/ethologie-equine.fr\/\",\"name\":\"Ethologie equine\",\"description\":\"la science au service du cheval\",\"publisher\":{\"@id\":\"https:\/\/ethologie-equine.fr\/#organization\"},\"potentialAction\":[{\"@type\":\"SearchAction\",\"target\":{\"@type\":\"EntryPoint\",\"urlTemplate\":\"https:\/\/ethologie-equine.fr\/?s={search_term_string}\"},\"query-input\":{\"@type\":\"PropertyValueSpecification\",\"valueRequired\":true,\"valueName\":\"search_term_string\"}}],\"inLanguage\":\"fr-FR\"},{\"@type\":\"Organization\",\"@id\":\"https:\/\/ethologie-equine.fr\/#organization\",\"name\":\"Ethologie equine\",\"url\":\"https:\/\/ethologie-equine.fr\/\",\"logo\":{\"@type\":\"ImageObject\",\"inLanguage\":\"fr-FR\",\"@id\":\"https:\/\/ethologie-equine.fr\/#\/schema\/logo\/image\/\",\"url\":\"https:\/\/i0.wp.com\/ethologie-equine.fr\/wp-content\/uploads\/2021\/10\/Logo-EE-site-800x900-1.png?fit=900%2C801&ssl=1\",\"contentUrl\":\"https:\/\/i0.wp.com\/ethologie-equine.fr\/wp-content\/uploads\/2021\/10\/Logo-EE-site-800x900-1.png?fit=900%2C801&ssl=1\",\"width\":900,\"height\":801,\"caption\":\"Ethologie equine\"},\"image\":{\"@id\":\"https:\/\/ethologie-equine.fr\/#\/schema\/logo\/image\/\"}}]}<\/script>\n<!-- \/ Yoast SEO plugin. -->","yoast_head_json":{"title":"Qu'est-ce que l'\u00e9thologie ? - Ethologie equine","robots":{"index":"index","follow":"follow","max-snippet":"max-snippet:-1","max-image-preview":"max-image-preview:large","max-video-preview":"max-video-preview:-1"},"canonical":"https:\/\/ethologie-equine.fr\/index.php\/ethologie\/","og_locale":"fr_FR","og_type":"article","og_title":"Qu'est-ce que l'\u00e9thologie ?","og_description":"On en entend de plus en plus parler, mais que se cache-t-il vraiment derri\u00e8re ce terme ?","og_url":"https:\/\/ethologie-equine.fr\/index.php\/ethologie\/","og_site_name":"Ethologie equine","article_modified_time":"2023-11-22T11:21:49+00:00","og_image":[{"width":1280,"height":853,"url":"https:\/\/ethologie-equine.fr\/wp-content\/uploads\/2020\/05\/20200508_094221-1.jpg","type":"image\/jpeg"}],"twitter_card":"summary_large_image","twitter_misc":{"Dur\u00e9e de lecture estim\u00e9e":"2 minutes"},"schema":{"@context":"https:\/\/schema.org","@graph":[{"@type":"WebPage","@id":"https:\/\/ethologie-equine.fr\/index.php\/ethologie\/","url":"https:\/\/ethologie-equine.fr\/index.php\/ethologie\/","name":"Qu'est-ce que l'\u00e9thologie ? - Ethologie equine","isPartOf":{"@id":"https:\/\/ethologie-equine.fr\/#website"},"primaryImageOfPage":{"@id":"https:\/\/ethologie-equine.fr\/index.php\/ethologie\/#primaryimage"},"image":{"@id":"https:\/\/ethologie-equine.fr\/index.php\/ethologie\/#primaryimage"},"thumbnailUrl":"https:\/\/i0.wp.com\/ethologie-equine.fr\/wp-content\/uploads\/2023\/11\/Photo_etho_1440x960.jpg?fit=1440%2C960&ssl=1","datePublished":"2020-04-08T17:46:58+00:00","dateModified":"2023-11-22T11:21:49+00:00","breadcrumb":{"@id":"https:\/\/ethologie-equine.fr\/index.php\/ethologie\/#breadcrumb"},"inLanguage":"fr-FR","potentialAction":[{"@type":"ReadAction","target":["https:\/\/ethologie-equine.fr\/index.php\/ethologie\/"]}]},{"@type":"ImageObject","inLanguage":"fr-FR","@id":"https:\/\/ethologie-equine.fr\/index.php\/ethologie\/#primaryimage","url":"https:\/\/i0.wp.com\/ethologie-equine.fr\/wp-content\/uploads\/2023\/11\/Photo_etho_1440x960.jpg?fit=1440%2C960&ssl=1","contentUrl":"https:\/\/i0.wp.com\/ethologie-equine.fr\/wp-content\/uploads\/2023\/11\/Photo_etho_1440x960.jpg?fit=1440%2C960&ssl=1","width":1440,"height":960,"caption":"Ethologie \u00e9quine"},{"@type":"BreadcrumbList","@id":"https:\/\/ethologie-equine.fr\/index.php\/ethologie\/#breadcrumb","itemListElement":[{"@type":"ListItem","position":1,"name":"Accueil","item":"https:\/\/ethologie-equine.fr\/"},{"@type":"ListItem","position":2,"name":"Qu&rsquo;est-ce que l&rsquo;\u00e9thologie ?"}]},{"@type":"WebSite","@id":"https:\/\/ethologie-equine.fr\/#website","url":"https:\/\/ethologie-equine.fr\/","name":"Ethologie equine","description":"la science au service du cheval","publisher":{"@id":"https:\/\/ethologie-equine.fr\/#organization"},"potentialAction":[{"@type":"SearchAction","target":{"@type":"EntryPoint","urlTemplate":"https:\/\/ethologie-equine.fr\/?s={search_term_string}"},"query-input":{"@type":"PropertyValueSpecification","valueRequired":true,"valueName":"search_term_string"}}],"inLanguage":"fr-FR"},{"@type":"Organization","@id":"https:\/\/ethologie-equine.fr\/#organization","name":"Ethologie equine","url":"https:\/\/ethologie-equine.fr\/","logo":{"@type":"ImageObject","inLanguage":"fr-FR","@id":"https:\/\/ethologie-equine.fr\/#\/schema\/logo\/image\/","url":"https:\/\/i0.wp.com\/ethologie-equine.fr\/wp-content\/uploads\/2021\/10\/Logo-EE-site-800x900-1.png?fit=900%2C801&ssl=1","contentUrl":"https:\/\/i0.wp.com\/ethologie-equine.fr\/wp-content\/uploads\/2021\/10\/Logo-EE-site-800x900-1.png?fit=900%2C801&ssl=1","width":900,"height":801,"caption":"Ethologie equine"},"image":{"@id":"https:\/\/ethologie-equine.fr\/#\/schema\/logo\/image\/"}}]}},"jetpack_sharing_enabled":true,"_links":{"self":[{"href":"https:\/\/ethologie-equine.fr\/index.php\/wp-json\/wp\/v2\/pages\/111","targetHints":{"allow":["GET"]}}],"collection":[{"href":"https:\/\/ethologie-equine.fr\/index.php\/wp-json\/wp\/v2\/pages"}],"about":[{"href":"https:\/\/ethologie-equine.fr\/index.php\/wp-json\/wp\/v2\/types\/page"}],"author":[{"embeddable":true,"href":"https:\/\/ethologie-equine.fr\/index.php\/wp-json\/wp\/v2\/users\/2"}],"replies":[{"embeddable":true,"href":"https:\/\/ethologie-equine.fr\/index.php\/wp-json\/wp\/v2\/comments?post=111"}],"version-history":[{"count":9,"href":"https:\/\/ethologie-equine.fr\/index.php\/wp-json\/wp\/v2\/pages\/111\/revisions"}],"predecessor-version":[{"id":2080,"href":"https:\/\/ethologie-equine.fr\/index.php\/wp-json\/wp\/v2\/pages\/111\/revisions\/2080"}],"wp:featuredmedia":[{"embeddable":true,"href":"https:\/\/ethologie-equine.fr\/index.php\/wp-json\/wp\/v2\/media\/2079"}],"wp:attachment":[{"href":"https:\/\/ethologie-equine.fr\/index.php\/wp-json\/wp\/v2\/media?parent=111"}],"wp:term":[{"taxonomy":"post_tag","embeddable":true,"href":"https:\/\/ethologie-equine.fr\/index.php\/wp-json\/wp\/v2\/tags?post=111"}],"curies":[{"name":"wp","href":"https:\/\/api.w.org\/{rel}","templated":true}]}}