{"id":110,"date":"2020-04-08T19:46:57","date_gmt":"2020-04-08T18:46:57","guid":{"rendered":"https:\/\/ethoequine.wordpress.com\/?page_id=110"},"modified":"2023-11-22T12:23:33","modified_gmt":"2023-11-22T11:23:33","slug":"qui-suis-je","status":"publish","type":"page","link":"https:\/\/ethologie-equine.fr\/index.php\/qui-suis-je\/","title":{"rendered":"Qui suis-je ?"},"content":{"rendered":"\r\n<p>&nbsp;<\/p>\r\n\r\n\r\n\r\n<div class=\"wp-block-media-text alignwide\">\r\n<figure class=\"wp-block-media-text__media\"><img data-recalc-dims=\"1\" loading=\"lazy\" decoding=\"async\" width=\"718\" height=\"960\" class=\"wp-image-379\" src=\"https:\/\/i0.wp.com\/ethologie-equine.fr\/wp-content\/uploads\/2020\/05\/Noemieshellie.jpeg?resize=718%2C960&#038;ssl=1\" alt=\"\" srcset=\"https:\/\/i0.wp.com\/ethologie-equine.fr\/wp-content\/uploads\/2020\/05\/Noemieshellie.jpeg?w=718&amp;ssl=1 718w, https:\/\/i0.wp.com\/ethologie-equine.fr\/wp-content\/uploads\/2020\/05\/Noemieshellie.jpeg?resize=224%2C300&amp;ssl=1 224w\" sizes=\"auto, (max-width: 718px) 100vw, 718px\" \/><\/figure>\r\n<div class=\"wp-block-media-text__content\">\r\n<h2 class=\"has-text-align-left wp-block-heading\">No\u00e9mie Roynette<\/h2>\r\n\r\n\r\n\r\n<p class=\"has-text-align-left\" style=\"font-size: 16px;\"><em>Ethologue<\/em><\/p>\r\n\r\n\r\n\r\n<p class=\"has-text-align-left\" style=\"font-size: 16px;\">Passionn\u00e9e par les chevaux<br \/>Dipl\u00f4m\u00e9e du master d&rsquo;\u00e9thologie appliqu\u00e9e de l&rsquo;Universit\u00e9 Paris 13<\/p>\r\n\r\n\r\n\r\n<p class=\"has-text-align-left\" style=\"font-size: 16px;\">Me contacter : <a href=\"mailto:contact@ethologie-equine.fr\">contact@ethologie-equine.fr<\/a><\/p>\r\n<\/div>\r\n<\/div>\r\n\r\n\r\n\r\n<div class=\"wp-block-media-text alignwide has-media-on-the-right\">\r\n<figure class=\"wp-block-media-text__media\"><img data-recalc-dims=\"1\" loading=\"lazy\" decoding=\"async\" width=\"718\" height=\"962\" class=\"wp-image-378\" src=\"https:\/\/i0.wp.com\/ethologie-equine.fr\/wp-content\/uploads\/2020\/05\/shellie.jpg?resize=718%2C962&#038;ssl=1\" alt=\"\" srcset=\"https:\/\/i0.wp.com\/ethologie-equine.fr\/wp-content\/uploads\/2020\/05\/shellie.jpg?w=718&amp;ssl=1 718w, https:\/\/i0.wp.com\/ethologie-equine.fr\/wp-content\/uploads\/2020\/05\/shellie.jpg?resize=224%2C300&amp;ssl=1 224w\" sizes=\"auto, (max-width: 718px) 100vw, 718px\" \/><\/figure>\r\n<div class=\"wp-block-media-text__content\">\r\n<h2 class=\"has-text-align-left wp-block-heading\">Sir\u00e8ne 107 \u00ab\u00a0Shellie\u00a0\u00bb<\/h2>\r\n\r\n\r\n\r\n<p class=\"has-text-align-left\" style=\"font-size: 16px;\"><em>Jument<\/em> <em>Trait Comtois &#8211; 14 ans<\/em><\/p>\r\n\r\n\r\n\r\n<p class=\"has-text-align-left\" style=\"font-size: 16px;\">N\u00e9e en 2006, elle partait pour la boucherie \u00e0 1 an, mais le destin en a d\u00e9cid\u00e9 autrement.<br \/>Dans ma vie depuis 2007, elle m&rsquo;accompagne vers une meilleure compr\u00e9hension des chevaux<\/p>\r\n<\/div>\r\n<\/div>\r\n\r\n\r\n\r\n<div class=\"wp-block-spacer\" style=\"height: 32px;\" aria-hidden=\"true\">\u00a0<\/div>\r\n\r\n\r\n\r\n<p>&nbsp;<\/p>\r\n","protected":false},"excerpt":{"rendered":"<p>Faisons connaissance \ud83d\ude42<\/p>\n","protected":false},"author":2,"featured_media":2081,"parent":0,"menu_order":2,"comment_status":"closed","ping_status":"closed","template":"templates\/full-width-page.php","meta":{"footnotes":""},"tags":[],"class_list":["post-110","page","type-page","status-publish","has-post-thumbnail","hentry","without-featured-image"],"yoast_head":"<!-- This site is optimized with the Yoast SEO plugin v24.8.1 - https:\/\/yoast.com\/wordpress\/plugins\/seo\/ -->\n<title>Qui suis-je ? - Ethologie equine<\/title>\n<meta name=\"robots\" content=\"index, follow, max-snippet:-1, max-image-preview:large, max-video-preview:-1\" \/>\n<link rel=\"canonical\" href=\"https:\/\/ethologie-equine.fr\/index.php\/qui-suis-je\/\" \/>\n<meta property=\"og:locale\" content=\"fr_FR\" \/>\n<meta property=\"og:type\" content=\"article\" \/>\n<meta property=\"og:title\" content=\"Qui suis-je ?\" \/>\n<meta property=\"og:description\" content=\"Faisons connaissance :)\" \/>\n<meta property=\"og:url\" content=\"https:\/\/ethologie-equine.fr\/index.php\/qui-suis-je\/\" \/>\n<meta property=\"og:site_name\" content=\"Ethologie equine\" \/>\n<meta property=\"article:modified_time\" content=\"2023-11-22T11:23:33+00:00\" \/>\n<meta property=\"og:image\" content=\"https:\/\/ethologie-equine.fr\/wp-content\/uploads\/2020\/05\/20200506_180346-2.jpg\" \/>\n\t<meta property=\"og:image:width\" content=\"1280\" \/>\n\t<meta property=\"og:image:height\" content=\"853\" \/>\n\t<meta property=\"og:image:type\" content=\"image\/jpeg\" \/>\n<meta name=\"twitter:card\" content=\"summary_large_image\" \/>\n<meta name=\"twitter:label1\" content=\"Dur\u00e9e de lecture estim\u00e9e\" \/>\n\t<meta name=\"twitter:data1\" content=\"1 minute\" \/>\n<script type=\"application\/ld+json\" class=\"yoast-schema-graph\">{\"@context\":\"https:\/\/schema.org\",\"@graph\":[{\"@type\":\"WebPage\",\"@id\":\"https:\/\/ethologie-equine.fr\/index.php\/qui-suis-je\/\",\"url\":\"https:\/\/ethologie-equine.fr\/index.php\/qui-suis-je\/\",\"name\":\"Qui suis-je ? - Ethologie equine\",\"isPartOf\":{\"@id\":\"https:\/\/ethologie-equine.fr\/#website\"},\"primaryImageOfPage\":{\"@id\":\"https:\/\/ethologie-equine.fr\/index.php\/qui-suis-je\/#primaryimage\"},\"image\":{\"@id\":\"https:\/\/ethologie-equine.fr\/index.php\/qui-suis-je\/#primaryimage\"},\"thumbnailUrl\":\"https:\/\/i0.wp.com\/ethologie-equine.fr\/wp-content\/uploads\/2023\/11\/photo_qui_suis_je_1440x960.jpg?fit=1440%2C960&ssl=1\",\"datePublished\":\"2020-04-08T18:46:57+00:00\",\"dateModified\":\"2023-11-22T11:23:33+00:00\",\"breadcrumb\":{\"@id\":\"https:\/\/ethologie-equine.fr\/index.php\/qui-suis-je\/#breadcrumb\"},\"inLanguage\":\"fr-FR\",\"potentialAction\":[{\"@type\":\"ReadAction\",\"target\":[\"https:\/\/ethologie-equine.fr\/index.php\/qui-suis-je\/\"]}]},{\"@type\":\"ImageObject\",\"inLanguage\":\"fr-FR\",\"@id\":\"https:\/\/ethologie-equine.fr\/index.php\/qui-suis-je\/#primaryimage\",\"url\":\"https:\/\/i0.wp.com\/ethologie-equine.fr\/wp-content\/uploads\/2023\/11\/photo_qui_suis_je_1440x960.jpg?fit=1440%2C960&ssl=1\",\"contentUrl\":\"https:\/\/i0.wp.com\/ethologie-equine.fr\/wp-content\/uploads\/2023\/11\/photo_qui_suis_je_1440x960.jpg?fit=1440%2C960&ssl=1\",\"width\":1440,\"height\":960,\"caption\":\"Ethologie \u00e9quine\"},{\"@type\":\"BreadcrumbList\",\"@id\":\"https:\/\/ethologie-equine.fr\/index.php\/qui-suis-je\/#breadcrumb\",\"itemListElement\":[{\"@type\":\"ListItem\",\"position\":1,\"name\":\"Accueil\",\"item\":\"https:\/\/ethologie-equine.fr\/\"},{\"@type\":\"ListItem\",\"position\":2,\"name\":\"Qui suis-je ?\"}]},{\"@type\":\"WebSite\",\"@id\":\"https:\/\/ethologie-equine.fr\/#website\",\"url\":\"https:\/\/ethologie-equine.fr\/\",\"name\":\"Ethologie equine\",\"description\":\"la science au service du cheval\",\"publisher\":{\"@id\":\"https:\/\/ethologie-equine.fr\/#organization\"},\"potentialAction\":[{\"@type\":\"SearchAction\",\"target\":{\"@type\":\"EntryPoint\",\"urlTemplate\":\"https:\/\/ethologie-equine.fr\/?s={search_term_string}\"},\"query-input\":{\"@type\":\"PropertyValueSpecification\",\"valueRequired\":true,\"valueName\":\"search_term_string\"}}],\"inLanguage\":\"fr-FR\"},{\"@type\":\"Organization\",\"@id\":\"https:\/\/ethologie-equine.fr\/#organization\",\"name\":\"Ethologie equine\",\"url\":\"https:\/\/ethologie-equine.fr\/\",\"logo\":{\"@type\":\"ImageObject\",\"inLanguage\":\"fr-FR\",\"@id\":\"https:\/\/ethologie-equine.fr\/#\/schema\/logo\/image\/\",\"url\":\"https:\/\/i0.wp.com\/ethologie-equine.fr\/wp-content\/uploads\/2021\/10\/Logo-EE-site-800x900-1.png?fit=900%2C801&ssl=1\",\"contentUrl\":\"https:\/\/i0.wp.com\/ethologie-equine.fr\/wp-content\/uploads\/2021\/10\/Logo-EE-site-800x900-1.png?fit=900%2C801&ssl=1\",\"width\":900,\"height\":801,\"caption\":\"Ethologie equine\"},\"image\":{\"@id\":\"https:\/\/ethologie-equine.fr\/#\/schema\/logo\/image\/\"}}]}<\/script>\n<!-- \/ Yoast SEO plugin. -->","yoast_head_json":{"title":"Qui suis-je ? - Ethologie equine","robots":{"index":"index","follow":"follow","max-snippet":"max-snippet:-1","max-image-preview":"max-image-preview:large","max-video-preview":"max-video-preview:-1"},"canonical":"https:\/\/ethologie-equine.fr\/index.php\/qui-suis-je\/","og_locale":"fr_FR","og_type":"article","og_title":"Qui suis-je ?","og_description":"Faisons connaissance :)","og_url":"https:\/\/ethologie-equine.fr\/index.php\/qui-suis-je\/","og_site_name":"Ethologie equine","article_modified_time":"2023-11-22T11:23:33+00:00","og_image":[{"width":1280,"height":853,"url":"https:\/\/ethologie-equine.fr\/wp-content\/uploads\/2020\/05\/20200506_180346-2.jpg","type":"image\/jpeg"}],"twitter_card":"summary_large_image","twitter_misc":{"Dur\u00e9e de lecture estim\u00e9e":"1 minute"},"schema":{"@context":"https:\/\/schema.org","@graph":[{"@type":"WebPage","@id":"https:\/\/ethologie-equine.fr\/index.php\/qui-suis-je\/","url":"https:\/\/ethologie-equine.fr\/index.php\/qui-suis-je\/","name":"Qui suis-je ? - Ethologie equine","isPartOf":{"@id":"https:\/\/ethologie-equine.fr\/#website"},"primaryImageOfPage":{"@id":"https:\/\/ethologie-equine.fr\/index.php\/qui-suis-je\/#primaryimage"},"image":{"@id":"https:\/\/ethologie-equine.fr\/index.php\/qui-suis-je\/#primaryimage"},"thumbnailUrl":"https:\/\/i0.wp.com\/ethologie-equine.fr\/wp-content\/uploads\/2023\/11\/photo_qui_suis_je_1440x960.jpg?fit=1440%2C960&ssl=1","datePublished":"2020-04-08T18:46:57+00:00","dateModified":"2023-11-22T11:23:33+00:00","breadcrumb":{"@id":"https:\/\/ethologie-equine.fr\/index.php\/qui-suis-je\/#breadcrumb"},"inLanguage":"fr-FR","potentialAction":[{"@type":"ReadAction","target":["https:\/\/ethologie-equine.fr\/index.php\/qui-suis-je\/"]}]},{"@type":"ImageObject","inLanguage":"fr-FR","@id":"https:\/\/ethologie-equine.fr\/index.php\/qui-suis-je\/#primaryimage","url":"https:\/\/i0.wp.com\/ethologie-equine.fr\/wp-content\/uploads\/2023\/11\/photo_qui_suis_je_1440x960.jpg?fit=1440%2C960&ssl=1","contentUrl":"https:\/\/i0.wp.com\/ethologie-equine.fr\/wp-content\/uploads\/2023\/11\/photo_qui_suis_je_1440x960.jpg?fit=1440%2C960&ssl=1","width":1440,"height":960,"caption":"Ethologie \u00e9quine"},{"@type":"BreadcrumbList","@id":"https:\/\/ethologie-equine.fr\/index.php\/qui-suis-je\/#breadcrumb","itemListElement":[{"@type":"ListItem","position":1,"name":"Accueil","item":"https:\/\/ethologie-equine.fr\/"},{"@type":"ListItem","position":2,"name":"Qui suis-je ?"}]},{"@type":"WebSite","@id":"https:\/\/ethologie-equine.fr\/#website","url":"https:\/\/ethologie-equine.fr\/","name":"Ethologie equine","description":"la science au service du cheval","publisher":{"@id":"https:\/\/ethologie-equine.fr\/#organization"},"potentialAction":[{"@type":"SearchAction","target":{"@type":"EntryPoint","urlTemplate":"https:\/\/ethologie-equine.fr\/?s={search_term_string}"},"query-input":{"@type":"PropertyValueSpecification","valueRequired":true,"valueName":"search_term_string"}}],"inLanguage":"fr-FR"},{"@type":"Organization","@id":"https:\/\/ethologie-equine.fr\/#organization","name":"Ethologie equine","url":"https:\/\/ethologie-equine.fr\/","logo":{"@type":"ImageObject","inLanguage":"fr-FR","@id":"https:\/\/ethologie-equine.fr\/#\/schema\/logo\/image\/","url":"https:\/\/i0.wp.com\/ethologie-equine.fr\/wp-content\/uploads\/2021\/10\/Logo-EE-site-800x900-1.png?fit=900%2C801&ssl=1","contentUrl":"https:\/\/i0.wp.com\/ethologie-equine.fr\/wp-content\/uploads\/2021\/10\/Logo-EE-site-800x900-1.png?fit=900%2C801&ssl=1","width":900,"height":801,"caption":"Ethologie equine"},"image":{"@id":"https:\/\/ethologie-equine.fr\/#\/schema\/logo\/image\/"}}]}},"jetpack_sharing_enabled":true,"_links":{"self":[{"href":"https:\/\/ethologie-equine.fr\/index.php\/wp-json\/wp\/v2\/pages\/110","targetHints":{"allow":["GET"]}}],"collection":[{"href":"https:\/\/ethologie-equine.fr\/index.php\/wp-json\/wp\/v2\/pages"}],"about":[{"href":"https:\/\/ethologie-equine.fr\/index.php\/wp-json\/wp\/v2\/types\/page"}],"author":[{"embeddable":true,"href":"https:\/\/ethologie-equine.fr\/index.php\/wp-json\/wp\/v2\/users\/2"}],"replies":[{"embeddable":true,"href":"https:\/\/ethologie-equine.fr\/index.php\/wp-json\/wp\/v2\/comments?post=110"}],"version-history":[{"count":15,"href":"https:\/\/ethologie-equine.fr\/index.php\/wp-json\/wp\/v2\/pages\/110\/revisions"}],"predecessor-version":[{"id":2082,"href":"https:\/\/ethologie-equine.fr\/index.php\/wp-json\/wp\/v2\/pages\/110\/revisions\/2082"}],"wp:featuredmedia":[{"embeddable":true,"href":"https:\/\/ethologie-equine.fr\/index.php\/wp-json\/wp\/v2\/media\/2081"}],"wp:attachment":[{"href":"https:\/\/ethologie-equine.fr\/index.php\/wp-json\/wp\/v2\/media?parent=110"}],"wp:term":[{"taxonomy":"post_tag","embeddable":true,"href":"https:\/\/ethologie-equine.fr\/index.php\/wp-json\/wp\/v2\/tags?post=110"}],"curies":[{"name":"wp","href":"https:\/\/api.w.org\/{rel}","templated":true}]}}